{"id":284,"date":"2017-10-18T21:57:16","date_gmt":"2017-10-18T21:57:16","guid":{"rendered":"http:\/\/www.iptv-chile.com\/?page_id=284"},"modified":"2024-10-09T23:53:25","modified_gmt":"2024-10-09T23:53:25","slug":"como-funciona","status":"publish","type":"page","link":"https:\/\/www.iptv-chile.com\/index.php\/como-funciona\/","title":{"rendered":"Como Funciona"},"content":{"rendered":"\t\t<div data-elementor-type=\"wp-page\" data-elementor-id=\"284\" class=\"elementor elementor-284\">\n\t\t\t\t\t\t<section class=\"elementor-section elementor-top-section elementor-element elementor-element-f9ou2hu elementor-section-boxed elementor-section-height-default elementor-section-height-default\" data-id=\"f9ou2hu\" data-element_type=\"section\">\n\t\t\t\t\t\t<div class=\"elementor-container elementor-column-gap-default\">\n\t\t\t\t\t<div class=\"elementor-column elementor-col-100 elementor-top-column elementor-element elementor-element-orprbyu\" data-id=\"orprbyu\" data-element_type=\"column\">\n\t\t\t<div class=\"elementor-widget-wrap elementor-element-populated\">\n\t\t\t\t\t\t<section class=\"elementor-section elementor-inner-section elementor-element elementor-element-8fujmfa elementor-section-boxed elementor-section-height-default elementor-section-height-default\" data-id=\"8fujmfa\" data-element_type=\"section\">\n\t\t\t\t\t\t<div class=\"elementor-container elementor-column-gap-default\">\n\t\t\t\t\t<div class=\"elementor-column elementor-col-100 elementor-inner-column elementor-element elementor-element-ad3z8l6\" data-id=\"ad3z8l6\" data-element_type=\"column\">\n\t\t\t<div class=\"elementor-widget-wrap elementor-element-populated\">\n\t\t\t\t\t\t<div class=\"elementor-element elementor-element-437ka51 elementor-widget elementor-widget-image\" data-id=\"437ka51\" data-element_type=\"widget\" data-widget_type=\"image.default\">\n\t\t\t\t<div class=\"elementor-widget-container\">\n\t\t\t\t\t\t\t\t\t\t\t\t\t\t\t<img fetchpriority=\"high\" decoding=\"async\" width=\"1024\" height=\"515\" src=\"https:\/\/www.iptv-chile.com\/wp-content\/uploads\/2017\/10\/como_funciona_iptv-1-1024x515.png\" class=\"attachment-large size-large wp-image-286\" alt=\"\" srcset=\"https:\/\/www.iptv-chile.com\/wp-content\/uploads\/2017\/10\/como_funciona_iptv-1-1024x515.png 1024w, https:\/\/www.iptv-chile.com\/wp-content\/uploads\/2017\/10\/como_funciona_iptv-1-300x151.png 300w, https:\/\/www.iptv-chile.com\/wp-content\/uploads\/2017\/10\/como_funciona_iptv-1-768x386.png 768w, https:\/\/www.iptv-chile.com\/wp-content\/uploads\/2017\/10\/como_funciona_iptv-1.png 1271w\" sizes=\"(max-width: 1024px) 100vw, 1024px\" \/>\t\t\t\t\t\t\t\t\t\t\t\t\t\t\t<\/div>\n\t\t\t\t<\/div>\n\t\t\t\t\t<\/div>\n\t\t<\/div>\n\t\t\t\t\t<\/div>\n\t\t<\/section>\n\t\t\t\t\t<\/div>\n\t\t<\/div>\n\t\t\t\t\t<\/div>\n\t\t<\/section>\n\t\t\t\t<section class=\"elementor-section elementor-top-section elementor-element elementor-element-qqlw9wx elementor-section-boxed elementor-section-height-default elementor-section-height-default\" data-id=\"qqlw9wx\" data-element_type=\"section\">\n\t\t\t\t\t\t<div class=\"elementor-container elementor-column-gap-default\">\n\t\t\t\t\t<div class=\"elementor-column elementor-col-100 elementor-top-column elementor-element elementor-element-ui9v1sv\" data-id=\"ui9v1sv\" data-element_type=\"column\">\n\t\t\t<div class=\"elementor-widget-wrap elementor-element-populated\">\n\t\t\t\t\t\t<div class=\"elementor-element elementor-element-qsqo2rz elementor-widget elementor-widget-text-editor\" data-id=\"qsqo2rz\" data-element_type=\"widget\" data-widget_type=\"text-editor.default\">\n\t\t\t\t<div class=\"elementor-widget-container\">\n\t\t\t\t\t\t\t\t\t<h2>\u00bfQu\u00e9 es IPTV?<\/h2><p class=\"f-desc\">Internet Protocol Television, es la forma de referirse a la emisi\u00f3n de material multimedia a trav\u00e9s de la conexi\u00f3n a internet. IPTV, \u00a0no es un protocolo nuevo, si no un conjunto de protocolos y herramientas de encriptaci\u00f3n de streaming.<\/p><p>Todo ello destinado a ofrecerte una experiencia televisiva VOD. IPTV-CHILE te gua para encontrar la mejor opcion con\u00a0 excelente calidad y estabilidad.<\/p><p>Solo necesitas Internet.<\/p>\t\t\t\t\t\t\t\t<\/div>\n\t\t\t\t<\/div>\n\t\t\t\t\t<\/div>\n\t\t<\/div>\n\t\t\t\t\t<\/div>\n\t\t<\/section>\n\t\t\t\t<section class=\"elementor-section elementor-top-section elementor-element elementor-element-mxr5dw5 elementor-section-boxed elementor-section-height-default elementor-section-height-default\" data-id=\"mxr5dw5\" data-element_type=\"section\">\n\t\t\t\t\t\t<div class=\"elementor-container elementor-column-gap-default\">\n\t\t\t\t\t<div class=\"elementor-column elementor-col-100 elementor-top-column elementor-element elementor-element-vme00qy\" data-id=\"vme00qy\" data-element_type=\"column\">\n\t\t\t<div class=\"elementor-widget-wrap elementor-element-populated\">\n\t\t\t\t\t\t<div class=\"elementor-element elementor-element-6bfc1vi elementor-widget elementor-widget-text-editor\" data-id=\"6bfc1vi\" data-element_type=\"widget\" data-widget_type=\"text-editor.default\">\n\t\t\t\t<div class=\"elementor-widget-container\">\n\t\t\t\t\t\t\t\t\t<h2>\u00bfC\u00f3mo ver los contenidos IPTV?<\/h2><p>Hay varias formas de disfrutar del contenido TVIP, pasando por\u00a0<strong>softwares<\/strong>\u00a0para PC y dispositivos moviles(android, Iphone, Tables, Ipad), o\u00a0<strong>\u00a0directamente sobre un SmartTV<\/strong>.<\/p>\t\t\t\t\t\t\t\t<\/div>\n\t\t\t\t<\/div>\n\t\t\t\t\t<\/div>\n\t\t<\/div>\n\t\t\t\t\t<\/div>\n\t\t<\/section>\n\t\t\t\t<section class=\"elementor-section elementor-top-section elementor-element elementor-element-w22nqcs elementor-section-boxed elementor-section-height-default elementor-section-height-default\" data-id=\"w22nqcs\" data-element_type=\"section\">\n\t\t\t\t\t\t<div class=\"elementor-container elementor-column-gap-default\">\n\t\t\t\t\t<div class=\"elementor-column elementor-col-33 elementor-top-column elementor-element elementor-element-bdxkohv\" data-id=\"bdxkohv\" data-element_type=\"column\">\n\t\t\t<div class=\"elementor-widget-wrap elementor-element-populated\">\n\t\t\t\t\t\t<div class=\"elementor-element elementor-element-emw840q elementor-position-top elementor-widget elementor-widget-image-box\" data-id=\"emw840q\" data-element_type=\"widget\" data-widget_type=\"image-box.default\">\n\t\t\t\t<div class=\"elementor-widget-container\">\n\t\t\t\t\t<div class=\"elementor-image-box-wrapper\"><figure class=\"elementor-image-box-img\"><img decoding=\"async\" width=\"374\" height=\"367\" src=\"https:\/\/www.iptv-chile.com\/wp-content\/uploads\/2017\/10\/smarttv.png\" class=\"attachment-full size-full wp-image-290\" alt=\"\" srcset=\"https:\/\/www.iptv-chile.com\/wp-content\/uploads\/2017\/10\/smarttv.png 374w, https:\/\/www.iptv-chile.com\/wp-content\/uploads\/2017\/10\/smarttv-300x294.png 300w\" sizes=\"(max-width: 374px) 100vw, 374px\" \/><\/figure><div class=\"elementor-image-box-content\"><h3 class=\"elementor-image-box-title\">APPS IPTV<\/h3><p class=\"elementor-image-box-description\">Existen varias alternativas de aplicaciones reproductoras de TVIP para su smart-TV, siendo las mas utilizadas Smart IPTV, SS IPTV y OTT Player, nosotros lo asesoramos en su instalaci\u00f3n y configuraci\u00f3n.<\/p><\/div><\/div>\t\t\t\t<\/div>\n\t\t\t\t<\/div>\n\t\t\t\t\t<\/div>\n\t\t<\/div>\n\t\t\t\t<div class=\"elementor-column elementor-col-33 elementor-top-column elementor-element elementor-element-mjqvduo\" data-id=\"mjqvduo\" data-element_type=\"column\">\n\t\t\t<div class=\"elementor-widget-wrap elementor-element-populated\">\n\t\t\t\t\t\t<div class=\"elementor-element elementor-element-rd0bhsl elementor-position-top elementor-widget elementor-widget-image-box\" data-id=\"rd0bhsl\" data-element_type=\"widget\" data-widget_type=\"image-box.default\">\n\t\t\t\t<div class=\"elementor-widget-container\">\n\t\t\t\t\t<div class=\"elementor-image-box-wrapper\"><figure class=\"elementor-image-box-img\"><img decoding=\"async\" width=\"374\" height=\"367\" src=\"https:\/\/www.iptv-chile.com\/wp-content\/uploads\/2017\/10\/pcsmartphone.png\" class=\"attachment-full size-full wp-image-292\" alt=\"\" srcset=\"https:\/\/www.iptv-chile.com\/wp-content\/uploads\/2017\/10\/pcsmartphone.png 374w, https:\/\/www.iptv-chile.com\/wp-content\/uploads\/2017\/10\/pcsmartphone-300x294.png 300w\" sizes=\"(max-width: 374px) 100vw, 374px\" \/><\/figure><div class=\"elementor-image-box-content\"><h3 class=\"elementor-image-box-title\">CROSS PLATAFORMA<\/h3><p class=\"elementor-image-box-description\">Puedes ver tu contenido desde Android, Iphone, Tablet, IPad, Notebook, PC, con distintos software, siendo los mas utilizados, Perfect Player, VLC, Kodi, Ott Player, etc..\nNuestro servicio funciona perfecto en redes 4G.<\/p><\/div><\/div>\t\t\t\t<\/div>\n\t\t\t\t<\/div>\n\t\t\t\t\t<\/div>\n\t\t<\/div>\n\t\t\t\t<div class=\"elementor-column elementor-col-33 elementor-top-column elementor-element elementor-element-2i9j6wh\" data-id=\"2i9j6wh\" data-element_type=\"column\">\n\t\t\t<div class=\"elementor-widget-wrap elementor-element-populated\">\n\t\t\t\t\t\t<div class=\"elementor-element elementor-element-rc2kri4 elementor-position-top elementor-widget elementor-widget-image-box\" data-id=\"rc2kri4\" data-element_type=\"widget\" data-widget_type=\"image-box.default\">\n\t\t\t\t<div class=\"elementor-widget-container\">\n\t\t\t\t\t<div class=\"elementor-image-box-wrapper\"><figure class=\"elementor-image-box-img\"><img loading=\"lazy\" decoding=\"async\" width=\"374\" height=\"367\" src=\"https:\/\/www.iptv-chile.com\/wp-content\/uploads\/2017\/10\/magbox.png\" class=\"attachment-full size-full wp-image-293\" alt=\"\" srcset=\"https:\/\/www.iptv-chile.com\/wp-content\/uploads\/2017\/10\/magbox.png 374w, https:\/\/www.iptv-chile.com\/wp-content\/uploads\/2017\/10\/magbox-300x294.png 300w\" sizes=\"(max-width: 374px) 100vw, 374px\" \/><\/figure><div class=\"elementor-image-box-content\"><h3 class=\"elementor-image-box-title\">IPTV BOX<\/h3><p class=\"elementor-image-box-description\">Con los receptores IPTV BOX podras acceder a todo el contenido, se conectan al televisor mediante HDMI y lo convierten en un smart TV, tiene capacidad de grabar programas a un disco duro externo, facil de usar e instalar, se maneja desde un control remoto.<\/p><\/div><\/div>\t\t\t\t<\/div>\n\t\t\t\t<\/div>\n\t\t\t\t\t<\/div>\n\t\t<\/div>\n\t\t\t\t\t<\/div>\n\t\t<\/section>\n\t\t\t\t<section class=\"elementor-section elementor-top-section elementor-element elementor-element-xc6648b elementor-section-boxed elementor-section-height-default elementor-section-height-default\" data-id=\"xc6648b\" data-element_type=\"section\">\n\t\t\t\t\t\t<div class=\"elementor-container elementor-column-gap-default\">\n\t\t\t\t\t<div class=\"elementor-column elementor-col-100 elementor-top-column elementor-element elementor-element-l97beup\" data-id=\"l97beup\" data-element_type=\"column\">\n\t\t\t<div class=\"elementor-widget-wrap elementor-element-populated\">\n\t\t\t\t\t\t<div class=\"elementor-element elementor-element-clvidqe elementor-widget elementor-widget-text-editor\" data-id=\"clvidqe\" data-element_type=\"widget\" data-widget_type=\"text-editor.default\">\n\t\t\t\t<div class=\"elementor-widget-container\">\n\t\t\t\t\t\t\t\t\t<h2>Los diferentes protocolos o sistemas IPTV<\/h2><p>Cada vez aparecen m\u00e1s protocolos para IPTV y por eso, los vamos a explicar en pocas palabras, los tres principales.<\/p>\t\t\t\t\t\t\t\t<\/div>\n\t\t\t\t<\/div>\n\t\t\t\t\t<\/div>\n\t\t<\/div>\n\t\t\t\t\t<\/div>\n\t\t<\/section>\n\t\t\t\t<section class=\"elementor-section elementor-top-section elementor-element elementor-element-39s8rt0 elementor-section-boxed elementor-section-height-default elementor-section-height-default\" data-id=\"39s8rt0\" data-element_type=\"section\">\n\t\t\t\t\t\t<div class=\"elementor-container elementor-column-gap-default\">\n\t\t\t\t\t<div class=\"elementor-column elementor-col-33 elementor-top-column elementor-element elementor-element-g12kxt9\" data-id=\"g12kxt9\" data-element_type=\"column\">\n\t\t\t<div class=\"elementor-widget-wrap elementor-element-populated\">\n\t\t\t\t\t\t<div class=\"elementor-element elementor-element-8ngdz2e elementor-position-top elementor-widget elementor-widget-image-box\" data-id=\"8ngdz2e\" data-element_type=\"widget\" data-widget_type=\"image-box.default\">\n\t\t\t\t<div class=\"elementor-widget-container\">\n\t\t\t\t\t<div class=\"elementor-image-box-wrapper\"><figure class=\"elementor-image-box-img\"><img loading=\"lazy\" decoding=\"async\" width=\"120\" height=\"120\" src=\"https:\/\/www.iptv-chile.com\/wp-content\/uploads\/2017\/10\/rtmp.png\" class=\"attachment-full size-full wp-image-287\" alt=\"\" \/><\/figure><div class=\"elementor-image-box-content\"><h3 class=\"elementor-image-box-title\">(REAL TIME MESSAGING PROTOCOL)<\/h3><p class=\"elementor-image-box-description\">Este servicios de streaming, es utilizado para comunicarse entre un reproductor Flash y un servidor. El protocolo trabaja sobre TCP, aportando una base s\u00f3lida, segura y de calidad. El protocolo fue creado por Macromedia, la d\u00e9cada pasada, antes de ser absorbida por Adobe.<\/p><\/div><\/div>\t\t\t\t<\/div>\n\t\t\t\t<\/div>\n\t\t\t\t\t<\/div>\n\t\t<\/div>\n\t\t\t\t<div class=\"elementor-column elementor-col-33 elementor-top-column elementor-element elementor-element-ce7eoqe\" data-id=\"ce7eoqe\" data-element_type=\"column\">\n\t\t\t<div class=\"elementor-widget-wrap elementor-element-populated\">\n\t\t\t\t\t\t<div class=\"elementor-element elementor-element-w64mux1 elementor-position-top elementor-widget elementor-widget-image-box\" data-id=\"w64mux1\" data-element_type=\"widget\" data-widget_type=\"image-box.default\">\n\t\t\t\t<div class=\"elementor-widget-container\">\n\t\t\t\t\t<div class=\"elementor-image-box-wrapper\"><figure class=\"elementor-image-box-img\"><img loading=\"lazy\" decoding=\"async\" width=\"120\" height=\"120\" src=\"https:\/\/www.iptv-chile.com\/wp-content\/uploads\/2017\/10\/rtsp.png\" class=\"attachment-full size-full wp-image-288\" alt=\"\" \/><\/figure><div class=\"elementor-image-box-content\"><h3 class=\"elementor-image-box-title\">(REAL TIME STREAMING PROTOCOL)<\/h3><p class=\"elementor-image-box-description\">Es un protocolo de comunicaci\u00f3n entre el cliente y el servidor. Utiliza TCP y UDP para el control del reproductor y el env\u00edo de datos de audio o v\u00eddeo, respectivamente. El servicio funciona como un mando a distancia, en el que el usuario mantiene una sesi\u00f3n con el servidor, que le permite controlar los contenidos directamente del servidor.<\/p><\/div><\/div>\t\t\t\t<\/div>\n\t\t\t\t<\/div>\n\t\t\t\t\t<\/div>\n\t\t<\/div>\n\t\t\t\t<div class=\"elementor-column elementor-col-33 elementor-top-column elementor-element elementor-element-ektpnd2\" data-id=\"ektpnd2\" data-element_type=\"column\">\n\t\t\t<div class=\"elementor-widget-wrap elementor-element-populated\">\n\t\t\t\t\t\t<div class=\"elementor-element elementor-element-arl1vm1 elementor-position-top elementor-widget elementor-widget-image-box\" data-id=\"arl1vm1\" data-element_type=\"widget\" data-widget_type=\"image-box.default\">\n\t\t\t\t<div class=\"elementor-widget-container\">\n\t\t\t\t\t<div class=\"elementor-image-box-wrapper\"><figure class=\"elementor-image-box-img\"><img loading=\"lazy\" decoding=\"async\" width=\"120\" height=\"120\" src=\"https:\/\/www.iptv-chile.com\/wp-content\/uploads\/2017\/10\/hls.png\" class=\"attachment-full size-full wp-image-289\" alt=\"\" \/><\/figure><div class=\"elementor-image-box-content\"><h3 class=\"elementor-image-box-title\">(HTTP LIVE STREAMING)<\/h3><p class=\"elementor-image-box-description\">Utiliza el protocolo HTTP para comunicar los datos entre el cliente y el servidor. En este caso el servidor recibe la se\u00f1al de v\u00eddeo, la convierte, la almacena y la pone a disposici\u00f3n del usuario, para su reproducci\u00f3n.<\/p><\/div><\/div>\t\t\t\t<\/div>\n\t\t\t\t<\/div>\n\t\t\t\t\t<\/div>\n\t\t<\/div>\n\t\t\t\t\t<\/div>\n\t\t<\/section>\n\t\t\t\t<\/div>\n\t\t","protected":false},"excerpt":{"rendered":"<p>\u00bfQu\u00e9 es IPTV? Internet Protocol Television, es la forma de referirse a la emisi\u00f3n de material multimedia a trav\u00e9s de la conexi\u00f3n a internet. IPTV, \u00a0no es un protocolo nuevo,&#8230;<\/p>\n","protected":false},"author":1,"featured_media":0,"parent":0,"menu_order":0,"comment_status":"closed","ping_status":"closed","template":"","meta":{"footnotes":""},"class_list":["post-284","page","type-page","status-publish","hentry"],"_links":{"self":[{"href":"https:\/\/www.iptv-chile.com\/index.php\/wp-json\/wp\/v2\/pages\/284","targetHints":{"allow":["GET"]}}],"collection":[{"href":"https:\/\/www.iptv-chile.com\/index.php\/wp-json\/wp\/v2\/pages"}],"about":[{"href":"https:\/\/www.iptv-chile.com\/index.php\/wp-json\/wp\/v2\/types\/page"}],"author":[{"embeddable":true,"href":"https:\/\/www.iptv-chile.com\/index.php\/wp-json\/wp\/v2\/users\/1"}],"replies":[{"embeddable":true,"href":"https:\/\/www.iptv-chile.com\/index.php\/wp-json\/wp\/v2\/comments?post=284"}],"version-history":[{"count":7,"href":"https:\/\/www.iptv-chile.com\/index.php\/wp-json\/wp\/v2\/pages\/284\/revisions"}],"predecessor-version":[{"id":1501,"href":"https:\/\/www.iptv-chile.com\/index.php\/wp-json\/wp\/v2\/pages\/284\/revisions\/1501"}],"wp:attachment":[{"href":"https:\/\/www.iptv-chile.com\/index.php\/wp-json\/wp\/v2\/media?parent=284"}],"curies":[{"name":"wp","href":"https:\/\/api.w.org\/{rel}","templated":true}]}}